{"id":230,"date":"2025-01-26T17:38:49","date_gmt":"2025-01-26T16:38:49","guid":{"rendered":"https:\/\/solutiontec.fr\/?post_type=product&#038;p=230"},"modified":"2025-01-26T17:52:51","modified_gmt":"2025-01-26T16:52:51","slug":"lingettes-demaquillantes-pochon-dans-les-etoiles-2","status":"publish","type":"product","link":"https:\/\/solutiontec.fr\/?product=lingettes-demaquillantes-pochon-dans-les-etoiles-2","title":{"rendered":"Lingettes d\u00e9maquillantes + pochon dans les \u00e9toiles 2"},"content":{"rendered":"<p>10 lingettes r\u00e9utilisables coton et \u00e9ponges oeko tex et bambou<\/p>\n","protected":false},"excerpt":{"rendered":"<p>Avec ces lingettes r\u00e9utilisables, plus besoin d&rsquo;acheter du coton \u00e0 usage unique !<br \/>\nUn geste \u00e9cologique et positif pour notre belle plan\u00e8te !<\/p>\n","protected":false},"featured_media":202,"comment_status":"open","ping_status":"closed","template":"","meta":[],"product_brand":[],"product_cat":[27],"product_tag":[22],"class_list":{"0":"post-230","1":"product","2":"type-product","3":"status-publish","4":"has-post-thumbnail","6":"product_cat-coffret-naissance","7":"product_tag-carnet-de-sante","9":"first","10":"instock","11":"sale","12":"shipping-taxable","13":"purchasable","14":"product-type-simple"},"jetpack_sharing_enabled":true,"_links":{"self":[{"href":"https:\/\/solutiontec.fr\/index.php?rest_route=\/wp\/v2\/product\/230","targetHints":{"allow":["GET"]}}],"collection":[{"href":"https:\/\/solutiontec.fr\/index.php?rest_route=\/wp\/v2\/product"}],"about":[{"href":"https:\/\/solutiontec.fr\/index.php?rest_route=\/wp\/v2\/types\/product"}],"replies":[{"embeddable":true,"href":"https:\/\/solutiontec.fr\/index.php?rest_route=%2Fwp%2Fv2%2Fcomments&post=230"}],"wp:featuredmedia":[{"embeddable":true,"href":"https:\/\/solutiontec.fr\/index.php?rest_route=\/wp\/v2\/media\/202"}],"wp:attachment":[{"href":"https:\/\/solutiontec.fr\/index.php?rest_route=%2Fwp%2Fv2%2Fmedia&parent=230"}],"wp:term":[{"taxonomy":"product_brand","embeddable":true,"href":"https:\/\/solutiontec.fr\/index.php?rest_route=%2Fwp%2Fv2%2Fproduct_brand&post=230"},{"taxonomy":"product_cat","embeddable":true,"href":"https:\/\/solutiontec.fr\/index.php?rest_route=%2Fwp%2Fv2%2Fproduct_cat&post=230"},{"taxonomy":"product_tag","embeddable":true,"href":"https:\/\/solutiontec.fr\/index.php?rest_route=%2Fwp%2Fv2%2Fproduct_tag&post=230"}],"curies":[{"name":"wp","href":"https:\/\/api.w.org\/{rel}","templated":true}]}}