{"id":214,"date":"2023-08-30T17:41:29","date_gmt":"2023-08-30T15:41:29","guid":{"rendered":"http:\/\/solutiontec.fr\/?post_type=product&#038;p=214"},"modified":"2026-02-15T07:00:13","modified_gmt":"2026-02-15T06:00:13","slug":"lingettes-demaquillantes-pochon-dans-les-etoiles","status":"publish","type":"product","link":"https:\/\/solutiontec.fr\/?product=lingettes-demaquillantes-pochon-dans-les-etoiles","title":{"rendered":"Lingettes d\u00e9maquillantes + pochon dans les \u00e9toiles"},"content":{"rendered":"<p>10 lingettes r\u00e9utilisables coton et \u00e9ponges oeko tex et bambou<\/p>\n","protected":false},"excerpt":{"rendered":"<p>Avec ces lingettes r\u00e9utilisables, plus besoin d&rsquo;acheter du coton \u00e0 usage unique !<br \/>\nUn geste \u00e9cologique et positif pour notre belle plan\u00e8te !<\/p>\n","protected":false},"featured_media":202,"comment_status":"open","ping_status":"closed","template":"","meta":[],"product_brand":[],"product_cat":[23],"product_tag":[],"class_list":{"0":"post-214","1":"product","2":"type-product","3":"status-publish","4":"has-post-thumbnail","6":"product_cat-ecologie","8":"first","9":"instock","10":"shipping-taxable","11":"purchasable","12":"product-type-simple"},"jetpack_sharing_enabled":true,"_links":{"self":[{"href":"https:\/\/solutiontec.fr\/index.php?rest_route=\/wp\/v2\/product\/214","targetHints":{"allow":["GET"]}}],"collection":[{"href":"https:\/\/solutiontec.fr\/index.php?rest_route=\/wp\/v2\/product"}],"about":[{"href":"https:\/\/solutiontec.fr\/index.php?rest_route=\/wp\/v2\/types\/product"}],"replies":[{"embeddable":true,"href":"https:\/\/solutiontec.fr\/index.php?rest_route=%2Fwp%2Fv2%2Fcomments&post=214"}],"wp:featuredmedia":[{"embeddable":true,"href":"https:\/\/solutiontec.fr\/index.php?rest_route=\/wp\/v2\/media\/202"}],"wp:attachment":[{"href":"https:\/\/solutiontec.fr\/index.php?rest_route=%2Fwp%2Fv2%2Fmedia&parent=214"}],"wp:term":[{"taxonomy":"product_brand","embeddable":true,"href":"https:\/\/solutiontec.fr\/index.php?rest_route=%2Fwp%2Fv2%2Fproduct_brand&post=214"},{"taxonomy":"product_cat","embeddable":true,"href":"https:\/\/solutiontec.fr\/index.php?rest_route=%2Fwp%2Fv2%2Fproduct_cat&post=214"},{"taxonomy":"product_tag","embeddable":true,"href":"https:\/\/solutiontec.fr\/index.php?rest_route=%2Fwp%2Fv2%2Fproduct_tag&post=214"}],"curies":[{"name":"wp","href":"https:\/\/api.w.org\/{rel}","templated":true}]}}