{"id":213,"date":"2023-08-30T17:40:07","date_gmt":"2023-08-30T15:40:07","guid":{"rendered":"http:\/\/solutiontec.fr\/?post_type=product&#038;p=213"},"modified":"2026-01-19T02:22:04","modified_gmt":"2026-01-19T01:22:04","slug":"lingettes-demaquillantes-pochon-7","status":"publish","type":"product","link":"https:\/\/solutiontec.fr\/?product=lingettes-demaquillantes-pochon-7","title":{"rendered":"Lingettes d\u00e9maquillantes + pochon corail"},"content":{"rendered":"<p>10 lingettes r\u00e9utilisables coton et \u00e9ponges oeko tex , bambou<\/p>\n","protected":false},"excerpt":{"rendered":"<p>Avec ces lingettes r\u00e9utilisables, plus besoin d&rsquo;acheter du coton \u00e0 usage unique !<\/p>\n<p>Un geste \u00e9cologique et positif pour notre belle plan\u00e8te !<\/p>\n","protected":false},"featured_media":204,"comment_status":"open","ping_status":"closed","template":"","meta":[],"product_brand":[],"product_cat":[23],"product_tag":[],"class_list":{"0":"post-213","1":"product","2":"type-product","3":"status-publish","4":"has-post-thumbnail","6":"product_cat-ecologie","8":"first","9":"instock","10":"shipping-taxable","11":"purchasable","12":"product-type-simple"},"jetpack_sharing_enabled":true,"_links":{"self":[{"href":"https:\/\/solutiontec.fr\/index.php?rest_route=\/wp\/v2\/product\/213","targetHints":{"allow":["GET"]}}],"collection":[{"href":"https:\/\/solutiontec.fr\/index.php?rest_route=\/wp\/v2\/product"}],"about":[{"href":"https:\/\/solutiontec.fr\/index.php?rest_route=\/wp\/v2\/types\/product"}],"replies":[{"embeddable":true,"href":"https:\/\/solutiontec.fr\/index.php?rest_route=%2Fwp%2Fv2%2Fcomments&post=213"}],"wp:featuredmedia":[{"embeddable":true,"href":"https:\/\/solutiontec.fr\/index.php?rest_route=\/wp\/v2\/media\/204"}],"wp:attachment":[{"href":"https:\/\/solutiontec.fr\/index.php?rest_route=%2Fwp%2Fv2%2Fmedia&parent=213"}],"wp:term":[{"taxonomy":"product_brand","embeddable":true,"href":"https:\/\/solutiontec.fr\/index.php?rest_route=%2Fwp%2Fv2%2Fproduct_brand&post=213"},{"taxonomy":"product_cat","embeddable":true,"href":"https:\/\/solutiontec.fr\/index.php?rest_route=%2Fwp%2Fv2%2Fproduct_cat&post=213"},{"taxonomy":"product_tag","embeddable":true,"href":"https:\/\/solutiontec.fr\/index.php?rest_route=%2Fwp%2Fv2%2Fproduct_tag&post=213"}],"curies":[{"name":"wp","href":"https:\/\/api.w.org\/{rel}","templated":true}]}}