{"id":141,"date":"2021-12-13T17:25:34","date_gmt":"2021-12-13T16:25:34","guid":{"rendered":"https:\/\/solutiontec.fr\/?post_type=product&#038;p=141"},"modified":"2026-01-19T10:40:14","modified_gmt":"2026-01-19T09:40:14","slug":"lingettes-demaquillantes-pochon","status":"publish","type":"product","link":"https:\/\/solutiontec.fr\/?product=lingettes-demaquillantes-pochon","title":{"rendered":"Lingettes d\u00e9maquillantes + pochon fleur de cerisier"},"content":{"rendered":"<p>Avec ces lingettes r\u00e9utilisables, plus besoin d&rsquo;acheter du coton \u00e0 usage unique !<br \/>\nUn geste \u00e9cologique et positif pour notre belle plan\u00e8te !<\/p>\n","protected":false},"excerpt":{"rendered":"<p>Avec ces lingettes r\u00e9utilisables, plus besoin d&rsquo;acheter du coton \u00e0 usage unique ! Un geste \u00e9cologique et positif pour notre belle plan\u00e8te !<\/p>\n","protected":false},"featured_media":142,"comment_status":"open","ping_status":"closed","template":"","meta":[],"product_brand":[],"product_cat":[23],"product_tag":[],"class_list":{"0":"post-141","1":"product","2":"type-product","3":"status-publish","4":"has-post-thumbnail","6":"product_cat-ecologie","8":"first","9":"instock","10":"shipping-taxable","11":"purchasable","12":"product-type-simple"},"jetpack_sharing_enabled":true,"_links":{"self":[{"href":"https:\/\/solutiontec.fr\/index.php?rest_route=\/wp\/v2\/product\/141","targetHints":{"allow":["GET"]}}],"collection":[{"href":"https:\/\/solutiontec.fr\/index.php?rest_route=\/wp\/v2\/product"}],"about":[{"href":"https:\/\/solutiontec.fr\/index.php?rest_route=\/wp\/v2\/types\/product"}],"replies":[{"embeddable":true,"href":"https:\/\/solutiontec.fr\/index.php?rest_route=%2Fwp%2Fv2%2Fcomments&post=141"}],"wp:featuredmedia":[{"embeddable":true,"href":"https:\/\/solutiontec.fr\/index.php?rest_route=\/wp\/v2\/media\/142"}],"wp:attachment":[{"href":"https:\/\/solutiontec.fr\/index.php?rest_route=%2Fwp%2Fv2%2Fmedia&parent=141"}],"wp:term":[{"taxonomy":"product_brand","embeddable":true,"href":"https:\/\/solutiontec.fr\/index.php?rest_route=%2Fwp%2Fv2%2Fproduct_brand&post=141"},{"taxonomy":"product_cat","embeddable":true,"href":"https:\/\/solutiontec.fr\/index.php?rest_route=%2Fwp%2Fv2%2Fproduct_cat&post=141"},{"taxonomy":"product_tag","embeddable":true,"href":"https:\/\/solutiontec.fr\/index.php?rest_route=%2Fwp%2Fv2%2Fproduct_tag&post=141"}],"curies":[{"name":"wp","href":"https:\/\/api.w.org\/{rel}","templated":true}]}}