{"id":131,"date":"2021-12-13T15:44:03","date_gmt":"2021-12-13T14:44:03","guid":{"rendered":"https:\/\/solutiontec.fr\/?product=hoodie-with-logo"},"modified":"2025-02-01T09:39:24","modified_gmt":"2025-02-01T08:39:24","slug":"hoodie-with-logo","status":"publish","type":"product","link":"https:\/\/solutiontec.fr\/?product=hoodie-with-logo","title":{"rendered":"Prot\u00e8ge-carnet de sant\u00e9 oiseau"},"content":{"rendered":"<p>Ce prot\u00e8ge carnet de sant\u00e9 est parfait pour un cadeau de naissance unique.<br \/>\nA l\u2019int\u00e9rieur, une petite poche discr\u00e8te pour glisser le prochain rendez-vous !<br \/>\nPossibilit\u00e9 d\u2019ajouter un pr\u00e9nom, un dessin au flex thermocollant de la couleur de votre choix (suppl\u00e9ment de 3\u20ac)<br \/>\nConditions de lavage : Lavage \u00e0 30\u00b0c, s\u00e8che-linge doux, repassage moyen<br \/>\nMod\u00e8le : prot\u00e8ge carnet<br \/>\nR\u00e9f\u00e9rence : sant\u00e9oiseaux<br \/>\nCouleurs : vert canard, rose, blanc<br \/>\nMat\u00e9riaux : coton<br \/>\nLa commande en ligne n&rsquo;est pas possible. Pour r\u00e9server un article, merci de me contacter :<\/p>\n","protected":false},"excerpt":{"rendered":"<p>Ce prot\u00e8ge carnet de sant\u00e9.<\/p>\n","protected":false},"featured_media":132,"comment_status":"open","ping_status":"closed","template":"","meta":[],"product_brand":[],"product_cat":[21],"product_tag":[22],"class_list":{"0":"post-131","1":"product","2":"type-product","3":"status-publish","4":"has-post-thumbnail","6":"product_cat-carnet-de-sante","7":"product_tag-carnet-de-sante","9":"first","10":"instock","11":"shipping-taxable","12":"purchasable","13":"product-type-simple"},"jetpack_sharing_enabled":true,"_links":{"self":[{"href":"https:\/\/solutiontec.fr\/index.php?rest_route=\/wp\/v2\/product\/131","targetHints":{"allow":["GET"]}}],"collection":[{"href":"https:\/\/solutiontec.fr\/index.php?rest_route=\/wp\/v2\/product"}],"about":[{"href":"https:\/\/solutiontec.fr\/index.php?rest_route=\/wp\/v2\/types\/product"}],"replies":[{"embeddable":true,"href":"https:\/\/solutiontec.fr\/index.php?rest_route=%2Fwp%2Fv2%2Fcomments&post=131"}],"wp:featuredmedia":[{"embeddable":true,"href":"https:\/\/solutiontec.fr\/index.php?rest_route=\/wp\/v2\/media\/132"}],"wp:attachment":[{"href":"https:\/\/solutiontec.fr\/index.php?rest_route=%2Fwp%2Fv2%2Fmedia&parent=131"}],"wp:term":[{"taxonomy":"product_brand","embeddable":true,"href":"https:\/\/solutiontec.fr\/index.php?rest_route=%2Fwp%2Fv2%2Fproduct_brand&post=131"},{"taxonomy":"product_cat","embeddable":true,"href":"https:\/\/solutiontec.fr\/index.php?rest_route=%2Fwp%2Fv2%2Fproduct_cat&post=131"},{"taxonomy":"product_tag","embeddable":true,"href":"https:\/\/solutiontec.fr\/index.php?rest_route=%2Fwp%2Fv2%2Fproduct_tag&post=131"}],"curies":[{"name":"wp","href":"https:\/\/api.w.org\/{rel}","templated":true}]}}