{"id":133,"date":"2021-12-13T16:24:31","date_gmt":"2021-12-13T15:24:31","guid":{"rendered":"https:\/\/solutiontec.fr\/?page_id=133"},"modified":"2021-12-13T16:24:32","modified_gmt":"2021-12-13T15:24:32","slug":"page-daccueil","status":"publish","type":"page","link":"https:\/\/solutiontec.fr\/","title":{"rendered":"Page d\u2019accueil"},"content":{"rendered":"\n\t\t\t<div class=\"wp-block-cover\" style=\"background-image:url(https:\/\/solutiontec.fr\/wp-content\/uploads\/2021\/12\/other-small.jpg)\"><div class=\"wp-block-cover__inner-container is-layout-flow wp-block-cover-is-layout-flow\">\n\t\t\t<p class=\"has-text-align-center has-large-font-size\">Bienvenue dans la boutique<\/p>\n\t\t\t\n\n\t\t\t\n\t\t\t<p class=\"has-text-color has-text-align-center\">R\u00e9diger un bref message de bienvenue ici<\/p>\n\t\t\t\n\n\t\t\t\n\t\t\t<div class=\"wp-block-button aligncenter\"><a href=\"https:\/\/solutiontec.fr\/?page_id=125\" class=\"wp-block-button__link\">Faire des achats<\/a><\/div>\n\t\t\t<\/div><\/div>\n\t\t\t\n\t\t\n\t\t<h2 class=\"wp-block-heading\" style=\"text-align:center\">Nouveaux produits<\/h2>\n\t\t\n\n\t\t<div data-block-name=\"woocommerce\/product-new\" class=\"wc-block-grid wp-block-product-new wp-block-woocommerce-product-new wc-block-product-new has-3-columns has-multiple-rows\"><ul class=\"wc-block-grid__products\"><li class=\"wc-block-grid__product\">\n\t\t\t\t<a href=\"https:\/\/solutiontec.fr\/?product=lingettes-demaquillantes-pochon-dans-les-etoiles-2\" class=\"wc-block-grid__product-link\">\n\t\t\t\t\t<div class=\"wc-block-grid__product-onsale\">\n\t\t\t<span aria-hidden=\"true\">Promo<\/span>\n\t\t\t<span class=\"screen-reader-text\">Produit en promotion<\/span>\n\t\t<\/div>\n\t\t\t\t\t<div class=\"wc-block-grid__product-image\"><img loading=\"lazy\" decoding=\"async\" width=\"324\" height=\"324\" src=\"https:\/\/solutiontec.fr\/wp-content\/uploads\/2023\/08\/P1280246-324x324.jpg\" class=\"attachment-woocommerce_thumbnail size-woocommerce_thumbnail\" alt=\"Lingettes d\u00e9maquillantes + pochon dans les \u00e9toiles 2\" srcset=\"https:\/\/solutiontec.fr\/wp-content\/uploads\/2023\/08\/P1280246-324x324.jpg 324w, https:\/\/solutiontec.fr\/wp-content\/uploads\/2023\/08\/P1280246-150x150.jpg 150w, https:\/\/solutiontec.fr\/wp-content\/uploads\/2023\/08\/P1280246-100x100.jpg 100w\" sizes=\"auto, (max-width: 324px) 100vw, 324px\" \/><\/div>\n\t\t\t\t\t<div class=\"wc-block-grid__product-title\">Lingettes d\u00e9maquillantes + pochon dans les \u00e9toiles 2<\/div>\n\t\t\t\t<\/a>\n\t\t\t\t<div class=\"wc-block-grid__product-price price\"><del aria-hidden=\"true\"><span class=\"woocommerce-Price-amount amount\">24,00&nbsp;<span class=\"woocommerce-Price-currencySymbol\">&euro;<\/span><\/span><\/del> <span class=\"screen-reader-text\">Le prix initial \u00e9tait\u00a0: 24,00&nbsp;&euro;.<\/span><ins aria-hidden=\"true\"><span class=\"woocommerce-Price-amount amount\">17,00&nbsp;<span class=\"woocommerce-Price-currencySymbol\">&euro;<\/span><\/span><\/ins><span class=\"screen-reader-text\">Le prix actuel est\u00a0: 17,00&nbsp;&euro;.<\/span><\/div>\n\t\t\t\t\n\t\t\t\t<div class=\"wp-block-button wc-block-grid__product-add-to-cart\"><a href=\"\/index.php?rest_route=%2Fwp%2Fv2%2Fpages%2F133&#038;add-to-cart=230\" aria-label=\"Ajouter au panier\u00a0: &ldquo;Lingettes d\u00e9maquillantes + pochon dans les \u00e9toiles 2&rdquo;\" data-quantity=\"1\" data-product_id=\"230\" data-product_sku=\"\" data-price=\"17\" rel=\"nofollow\" class=\"wp-block-button__link  add_to_cart_button ajax_add_to_cart\">Ajouter au panier<\/a><\/div>\n\t\t\t<\/li><li class=\"wc-block-grid__product\">\n\t\t\t\t<a href=\"https:\/\/solutiontec.fr\/?product=lingettes-demaquillantes-pochon-dans-les-etoiles\" class=\"wc-block-grid__product-link\">\n\t\t\t\t\t\n\t\t\t\t\t<div class=\"wc-block-grid__product-image\"><img loading=\"lazy\" decoding=\"async\" width=\"324\" height=\"324\" src=\"https:\/\/solutiontec.fr\/wp-content\/uploads\/2023\/08\/P1280246-324x324.jpg\" class=\"attachment-woocommerce_thumbnail size-woocommerce_thumbnail\" alt=\"Lingettes d\u00e9maquillantes + pochon dans les \u00e9toiles\" srcset=\"https:\/\/solutiontec.fr\/wp-content\/uploads\/2023\/08\/P1280246-324x324.jpg 324w, https:\/\/solutiontec.fr\/wp-content\/uploads\/2023\/08\/P1280246-150x150.jpg 150w, https:\/\/solutiontec.fr\/wp-content\/uploads\/2023\/08\/P1280246-100x100.jpg 100w\" sizes=\"auto, (max-width: 324px) 100vw, 324px\" \/><\/div>\n\t\t\t\t\t<div class=\"wc-block-grid__product-title\">Lingettes d\u00e9maquillantes + pochon dans les \u00e9toiles<\/div>\n\t\t\t\t<\/a>\n\t\t\t\t<div class=\"wc-block-grid__product-price price\"><span class=\"woocommerce-Price-amount amount\">17,00&nbsp;<span class=\"woocommerce-Price-currencySymbol\">&euro;<\/span><\/span><\/div>\n\t\t\t\t\n\t\t\t\t<div class=\"wp-block-button wc-block-grid__product-add-to-cart\"><a href=\"\/index.php?rest_route=%2Fwp%2Fv2%2Fpages%2F133&#038;add-to-cart=214\" aria-label=\"Ajouter au panier\u00a0: &ldquo;Lingettes d\u00e9maquillantes + pochon dans les \u00e9toiles&rdquo;\" data-quantity=\"1\" data-product_id=\"214\" data-product_sku=\"\" data-price=\"17\" rel=\"nofollow\" class=\"wp-block-button__link  add_to_cart_button ajax_add_to_cart\">Ajouter au panier<\/a><\/div>\n\t\t\t<\/li><li class=\"wc-block-grid__product\">\n\t\t\t\t<a href=\"https:\/\/solutiontec.fr\/?product=lingettes-demaquillantes-pochon-7\" class=\"wc-block-grid__product-link\">\n\t\t\t\t\t\n\t\t\t\t\t<div class=\"wc-block-grid__product-image\"><img loading=\"lazy\" decoding=\"async\" width=\"324\" height=\"324\" src=\"https:\/\/solutiontec.fr\/wp-content\/uploads\/2023\/08\/P1280248-324x324.jpg\" class=\"attachment-woocommerce_thumbnail size-woocommerce_thumbnail\" alt=\"Lingettes d\u00e9maquillantes + pochon corail\" srcset=\"https:\/\/solutiontec.fr\/wp-content\/uploads\/2023\/08\/P1280248-324x324.jpg 324w, https:\/\/solutiontec.fr\/wp-content\/uploads\/2023\/08\/P1280248-150x150.jpg 150w, https:\/\/solutiontec.fr\/wp-content\/uploads\/2023\/08\/P1280248-100x100.jpg 100w\" sizes=\"auto, (max-width: 324px) 100vw, 324px\" \/><\/div>\n\t\t\t\t\t<div class=\"wc-block-grid__product-title\">Lingettes d\u00e9maquillantes + pochon corail<\/div>\n\t\t\t\t<\/a>\n\t\t\t\t<div class=\"wc-block-grid__product-price price\"><span class=\"woocommerce-Price-amount amount\">17,00&nbsp;<span class=\"woocommerce-Price-currencySymbol\">&euro;<\/span><\/span><\/div>\n\t\t\t\t\n\t\t\t\t<div class=\"wp-block-button wc-block-grid__product-add-to-cart\"><a href=\"\/index.php?rest_route=%2Fwp%2Fv2%2Fpages%2F133&#038;add-to-cart=213\" aria-label=\"Ajouter au panier\u00a0: &ldquo;Lingettes d\u00e9maquillantes + pochon corail&rdquo;\" data-quantity=\"1\" data-product_id=\"213\" data-product_sku=\"\" data-price=\"17\" rel=\"nofollow\" class=\"wp-block-button__link  add_to_cart_button ajax_add_to_cart\">Ajouter au panier<\/a><\/div>\n\t\t\t<\/li><li class=\"wc-block-grid__product\">\n\t\t\t\t<a href=\"https:\/\/solutiontec.fr\/?product=lingettes-demaquillantes-pochon-6\" class=\"wc-block-grid__product-link\">\n\t\t\t\t\t\n\t\t\t\t\t<div class=\"wc-block-grid__product-image\"><img loading=\"lazy\" decoding=\"async\" width=\"324\" height=\"324\" src=\"https:\/\/solutiontec.fr\/wp-content\/uploads\/2023\/08\/P1280249-324x324.jpg\" class=\"attachment-woocommerce_thumbnail size-woocommerce_thumbnail\" alt=\"Lingettes d\u00e9maquillantes + pochon g\u00e9om\u00e9trique 2\" srcset=\"https:\/\/solutiontec.fr\/wp-content\/uploads\/2023\/08\/P1280249-324x324.jpg 324w, https:\/\/solutiontec.fr\/wp-content\/uploads\/2023\/08\/P1280249-150x150.jpg 150w, https:\/\/solutiontec.fr\/wp-content\/uploads\/2023\/08\/P1280249-100x100.jpg 100w\" sizes=\"auto, (max-width: 324px) 100vw, 324px\" \/><\/div>\n\t\t\t\t\t<div class=\"wc-block-grid__product-title\">Lingettes d\u00e9maquillantes + pochon g\u00e9om\u00e9trique 2<\/div>\n\t\t\t\t<\/a>\n\t\t\t\t<div class=\"wc-block-grid__product-price price\"><span class=\"woocommerce-Price-amount amount\">17,00&nbsp;<span class=\"woocommerce-Price-currencySymbol\">&euro;<\/span><\/span><\/div>\n\t\t\t\t\n\t\t\t\t<div class=\"wp-block-button wc-block-grid__product-add-to-cart\"><a href=\"\/index.php?rest_route=%2Fwp%2Fv2%2Fpages%2F133&#038;add-to-cart=212\" aria-label=\"Ajouter au panier\u00a0: &ldquo;Lingettes d\u00e9maquillantes + pochon g\u00e9om\u00e9trique 2&rdquo;\" data-quantity=\"1\" data-product_id=\"212\" data-product_sku=\"\" data-price=\"17\" rel=\"nofollow\" class=\"wp-block-button__link  add_to_cart_button ajax_add_to_cart\">Ajouter au panier<\/a><\/div>\n\t\t\t<\/li><li class=\"wc-block-grid__product\">\n\t\t\t\t<a href=\"https:\/\/solutiontec.fr\/?product=lingettes-demaquillantes-pochon-5\" class=\"wc-block-grid__product-link\">\n\t\t\t\t\t\n\t\t\t\t\t<div class=\"wc-block-grid__product-image\"><img loading=\"lazy\" decoding=\"async\" width=\"324\" height=\"324\" src=\"https:\/\/solutiontec.fr\/wp-content\/uploads\/2023\/08\/P1280251-324x324.jpg\" class=\"attachment-woocommerce_thumbnail size-woocommerce_thumbnail\" alt=\"Lingettes d\u00e9maquillantes + pochon moutarde\" srcset=\"https:\/\/solutiontec.fr\/wp-content\/uploads\/2023\/08\/P1280251-324x324.jpg 324w, https:\/\/solutiontec.fr\/wp-content\/uploads\/2023\/08\/P1280251-150x150.jpg 150w, https:\/\/solutiontec.fr\/wp-content\/uploads\/2023\/08\/P1280251-100x100.jpg 100w\" sizes=\"auto, (max-width: 324px) 100vw, 324px\" \/><\/div>\n\t\t\t\t\t<div class=\"wc-block-grid__product-title\">Lingettes d\u00e9maquillantes + pochon moutarde<\/div>\n\t\t\t\t<\/a>\n\t\t\t\t<div class=\"wc-block-grid__product-price price\"><span class=\"woocommerce-Price-amount amount\">17,00&nbsp;<span class=\"woocommerce-Price-currencySymbol\">&euro;<\/span><\/span><\/div>\n\t\t\t\t\n\t\t\t\t<div class=\"wp-block-button wc-block-grid__product-add-to-cart\"><a href=\"\/index.php?rest_route=%2Fwp%2Fv2%2Fpages%2F133&#038;add-to-cart=211\" aria-label=\"Ajouter au panier\u00a0: &ldquo;Lingettes d\u00e9maquillantes + pochon moutarde&rdquo;\" data-quantity=\"1\" data-product_id=\"211\" data-product_sku=\"\" data-price=\"17\" rel=\"nofollow\" class=\"wp-block-button__link  add_to_cart_button ajax_add_to_cart\">Ajouter au panier<\/a><\/div>\n\t\t\t<\/li><li class=\"wc-block-grid__product\">\n\t\t\t\t<a href=\"https:\/\/solutiontec.fr\/?product=lingettes-demaquillantes-pochon-4\" class=\"wc-block-grid__product-link\">\n\t\t\t\t\t\n\t\t\t\t\t<div class=\"wc-block-grid__product-image\"><img loading=\"lazy\" decoding=\"async\" width=\"324\" height=\"324\" src=\"https:\/\/solutiontec.fr\/wp-content\/uploads\/2023\/08\/P1280252-324x324.jpg\" class=\"attachment-woocommerce_thumbnail size-woocommerce_thumbnail\" alt=\"Lingettes d\u00e9maquillantes + pochon saint jacques\" srcset=\"https:\/\/solutiontec.fr\/wp-content\/uploads\/2023\/08\/P1280252-324x324.jpg 324w, https:\/\/solutiontec.fr\/wp-content\/uploads\/2023\/08\/P1280252-150x150.jpg 150w, https:\/\/solutiontec.fr\/wp-content\/uploads\/2023\/08\/P1280252-100x100.jpg 100w\" sizes=\"auto, (max-width: 324px) 100vw, 324px\" \/><\/div>\n\t\t\t\t\t<div class=\"wc-block-grid__product-title\">Lingettes d\u00e9maquillantes + pochon saint jacques<\/div>\n\t\t\t\t<\/a>\n\t\t\t\t<div class=\"wc-block-grid__product-price price\"><span class=\"woocommerce-Price-amount amount\">17,00&nbsp;<span class=\"woocommerce-Price-currencySymbol\">&euro;<\/span><\/span><\/div>\n\t\t\t\t\n\t\t\t\t<div class=\"wp-block-button wc-block-grid__product-add-to-cart\"><a href=\"\/index.php?rest_route=%2Fwp%2Fv2%2Fpages%2F133&#038;add-to-cart=210\" aria-label=\"Ajouter au panier\u00a0: &ldquo;Lingettes d\u00e9maquillantes + pochon saint jacques&rdquo;\" data-quantity=\"1\" data-product_id=\"210\" data-product_sku=\"\" data-price=\"17\" rel=\"nofollow\" class=\"wp-block-button__link  add_to_cart_button ajax_add_to_cart\">Ajouter au panier<\/a><\/div>\n\t\t\t<\/li><li class=\"wc-block-grid__product\">\n\t\t\t\t<a href=\"https:\/\/solutiontec.fr\/?product=lingettes-demaquillantes-pochon-3\" class=\"wc-block-grid__product-link\">\n\t\t\t\t\t\n\t\t\t\t\t<div class=\"wc-block-grid__product-image\"><img loading=\"lazy\" decoding=\"async\" width=\"324\" height=\"324\" src=\"https:\/\/solutiontec.fr\/wp-content\/uploads\/2023\/08\/P1280250-324x324.jpg\" class=\"attachment-woocommerce_thumbnail size-woocommerce_thumbnail\" alt=\"Lingettes d\u00e9maquillantes + pochon fleuri\" srcset=\"https:\/\/solutiontec.fr\/wp-content\/uploads\/2023\/08\/P1280250-324x324.jpg 324w, https:\/\/solutiontec.fr\/wp-content\/uploads\/2023\/08\/P1280250-150x150.jpg 150w, https:\/\/solutiontec.fr\/wp-content\/uploads\/2023\/08\/P1280250-100x100.jpg 100w\" sizes=\"auto, (max-width: 324px) 100vw, 324px\" \/><\/div>\n\t\t\t\t\t<div class=\"wc-block-grid__product-title\">Lingettes d\u00e9maquillantes + pochon fleuri<\/div>\n\t\t\t\t<\/a>\n\t\t\t\t<div class=\"wc-block-grid__product-price price\"><span class=\"woocommerce-Price-amount amount\">17,00&nbsp;<span class=\"woocommerce-Price-currencySymbol\">&euro;<\/span><\/span><\/div>\n\t\t\t\t\n\t\t\t\t<div class=\"wp-block-button wc-block-grid__product-add-to-cart\"><a href=\"\/index.php?rest_route=%2Fwp%2Fv2%2Fpages%2F133&#038;add-to-cart=183\" aria-label=\"Ajouter au panier\u00a0: &ldquo;Lingettes d\u00e9maquillantes + pochon fleuri&rdquo;\" data-quantity=\"1\" data-product_id=\"183\" data-product_sku=\"\" data-price=\"17\" rel=\"nofollow\" class=\"wp-block-button__link  add_to_cart_button ajax_add_to_cart\">Ajouter au panier<\/a><\/div>\n\t\t\t<\/li><li class=\"wc-block-grid__product\">\n\t\t\t\t<a href=\"https:\/\/solutiontec.fr\/?product=lingettes-demaquillantes-pochon-2\" class=\"wc-block-grid__product-link\">\n\t\t\t\t\t\n\t\t\t\t\t<div class=\"wc-block-grid__product-image\"><img loading=\"lazy\" decoding=\"async\" width=\"324\" height=\"324\" src=\"https:\/\/solutiontec.fr\/wp-content\/uploads\/2021\/12\/lingette_bleu-324x324.jpg\" class=\"attachment-woocommerce_thumbnail size-woocommerce_thumbnail\" alt=\"Lingettes d\u00e9maquillantes + pochon g\u00e9om\u00e9trique\" srcset=\"https:\/\/solutiontec.fr\/wp-content\/uploads\/2021\/12\/lingette_bleu-324x324.jpg 324w, https:\/\/solutiontec.fr\/wp-content\/uploads\/2021\/12\/lingette_bleu-100x100.jpg 100w, https:\/\/solutiontec.fr\/wp-content\/uploads\/2021\/12\/lingette_bleu-150x150.jpg 150w\" sizes=\"auto, (max-width: 324px) 100vw, 324px\" \/><\/div>\n\t\t\t\t\t<div class=\"wc-block-grid__product-title\">Lingettes d\u00e9maquillantes + pochon g\u00e9om\u00e9trique<\/div>\n\t\t\t\t<\/a>\n\t\t\t\t<div class=\"wc-block-grid__product-price price\"><span class=\"woocommerce-Price-amount amount\">17,00&nbsp;<span class=\"woocommerce-Price-currencySymbol\">&euro;<\/span><\/span><\/div>\n\t\t\t\t\n\t\t\t\t<div class=\"wp-block-button wc-block-grid__product-add-to-cart\"><a href=\"\/index.php?rest_route=%2Fwp%2Fv2%2Fpages%2F133&#038;add-to-cart=145\" aria-label=\"Ajouter au panier\u00a0: &ldquo;Lingettes d\u00e9maquillantes + pochon g\u00e9om\u00e9trique&rdquo;\" data-quantity=\"1\" data-product_id=\"145\" data-product_sku=\"\" data-price=\"17\" rel=\"nofollow\" class=\"wp-block-button__link  add_to_cart_button ajax_add_to_cart\">Ajouter au panier<\/a><\/div>\n\t\t\t<\/li><li class=\"wc-block-grid__product\">\n\t\t\t\t<a href=\"https:\/\/solutiontec.fr\/?product=lingettes-demaquillantes-pochon\" class=\"wc-block-grid__product-link\">\n\t\t\t\t\t\n\t\t\t\t\t<div class=\"wc-block-grid__product-image\"><img loading=\"lazy\" decoding=\"async\" width=\"324\" height=\"324\" src=\"https:\/\/solutiontec.fr\/wp-content\/uploads\/2021\/12\/lingette_jaune-324x324.jpg\" class=\"attachment-woocommerce_thumbnail size-woocommerce_thumbnail\" alt=\"Lingettes d\u00e9maquillantes + pochon fleur de cerisier\" srcset=\"https:\/\/solutiontec.fr\/wp-content\/uploads\/2021\/12\/lingette_jaune-324x324.jpg 324w, https:\/\/solutiontec.fr\/wp-content\/uploads\/2021\/12\/lingette_jaune-100x100.jpg 100w, https:\/\/solutiontec.fr\/wp-content\/uploads\/2021\/12\/lingette_jaune-150x150.jpg 150w\" sizes=\"auto, (max-width: 324px) 100vw, 324px\" \/><\/div>\n\t\t\t\t\t<div class=\"wc-block-grid__product-title\">Lingettes d\u00e9maquillantes + pochon fleur de cerisier<\/div>\n\t\t\t\t<\/a>\n\t\t\t\t<div class=\"wc-block-grid__product-price price\"><span class=\"woocommerce-Price-amount amount\">17,00&nbsp;<span class=\"woocommerce-Price-currencySymbol\">&euro;<\/span><\/span><\/div>\n\t\t\t\t\n\t\t\t\t<div class=\"wp-block-button wc-block-grid__product-add-to-cart\"><a href=\"\/index.php?rest_route=%2Fwp%2Fv2%2Fpages%2F133&#038;add-to-cart=141\" aria-label=\"Ajouter au panier\u00a0: &ldquo;Lingettes d\u00e9maquillantes + pochon fleur de cerisier&rdquo;\" data-quantity=\"1\" data-product_id=\"141\" data-product_sku=\"\" data-price=\"17\" rel=\"nofollow\" class=\"wp-block-button__link  add_to_cart_button ajax_add_to_cart\">Ajouter au panier<\/a><\/div>\n\t\t\t<\/li><\/ul><\/div> \n\t\t\t<div class=\"wp-block-media-text alignwide has-media-on-the-right\"\"><figure class=\"wp-block-media-text__media\"><img loading=\"lazy\" decoding=\"async\" width=\"1920\" height=\"1280\" src=\"https:\/\/solutiontec.fr\/wp-content\/uploads\/2021\/12\/other-small.jpg\" alt=\"\" class=\"wp-image-134\" srcset=\"https:\/\/solutiontec.fr\/wp-content\/uploads\/2021\/12\/other-small.jpg 1920w, https:\/\/solutiontec.fr\/wp-content\/uploads\/2021\/12\/other-small-416x277.jpg 416w, https:\/\/solutiontec.fr\/wp-content\/uploads\/2021\/12\/other-small-300x200.jpg 300w, https:\/\/solutiontec.fr\/wp-content\/uploads\/2021\/12\/other-small-1024x683.jpg 1024w, https:\/\/solutiontec.fr\/wp-content\/uploads\/2021\/12\/other-small-768x512.jpg 768w, https:\/\/solutiontec.fr\/wp-content\/uploads\/2021\/12\/other-small-1536x1024.jpg 1536w\" sizes=\"auto, (max-width: 1920px) 100vw, 1920px\" \/><\/figure><div class=\"wp-block-media-text__content\">\n\t\t\t<p class=\"has-large-font-size\"><\/p>\n\t\t\t<\/div><\/div>\n\t\t\t\n\t\t\t<div class=\"wp-block-media-text alignwide\"\"><figure class=\"wp-block-media-text__media\"><img loading=\"lazy\" decoding=\"async\" width=\"1920\" height=\"1280\" src=\"https:\/\/solutiontec.fr\/wp-content\/uploads\/2021\/12\/other-small.jpg\" alt=\"\" class=\"wp-image-134\" srcset=\"https:\/\/solutiontec.fr\/wp-content\/uploads\/2021\/12\/other-small.jpg 1920w, https:\/\/solutiontec.fr\/wp-content\/uploads\/2021\/12\/other-small-416x277.jpg 416w, https:\/\/solutiontec.fr\/wp-content\/uploads\/2021\/12\/other-small-300x200.jpg 300w, https:\/\/solutiontec.fr\/wp-content\/uploads\/2021\/12\/other-small-1024x683.jpg 1024w, https:\/\/solutiontec.fr\/wp-content\/uploads\/2021\/12\/other-small-768x512.jpg 768w, https:\/\/solutiontec.fr\/wp-content\/uploads\/2021\/12\/other-small-1536x1024.jpg 1536w\" sizes=\"auto, (max-width: 1920px) 100vw, 1920px\" \/><\/figure><div class=\"wp-block-media-text__content\">\n\t\t\t<p class=\"has-large-font-size\"><\/p>\n\t\t\t<\/div><\/div>\n\t\t\t\n\t\t\t<div class=\"wp-block-media-text alignwide has-media-on-the-right\"\"><figure class=\"wp-block-media-text__media\"><img loading=\"lazy\" decoding=\"async\" width=\"1920\" height=\"1280\" src=\"https:\/\/solutiontec.fr\/wp-content\/uploads\/2021\/12\/other-small.jpg\" alt=\"\" class=\"wp-image-134\" srcset=\"https:\/\/solutiontec.fr\/wp-content\/uploads\/2021\/12\/other-small.jpg 1920w, https:\/\/solutiontec.fr\/wp-content\/uploads\/2021\/12\/other-small-416x277.jpg 416w, https:\/\/solutiontec.fr\/wp-content\/uploads\/2021\/12\/other-small-300x200.jpg 300w, https:\/\/solutiontec.fr\/wp-content\/uploads\/2021\/12\/other-small-1024x683.jpg 1024w, https:\/\/solutiontec.fr\/wp-content\/uploads\/2021\/12\/other-small-768x512.jpg 768w, https:\/\/solutiontec.fr\/wp-content\/uploads\/2021\/12\/other-small-1536x1024.jpg 1536w\" sizes=\"auto, (max-width: 1920px) 100vw, 1920px\" \/><\/figure><div class=\"wp-block-media-text__content\">\n\t\t\t<p class=\"has-large-font-size\"><\/p>\n\t\t\t<\/div><\/div>\n\t\t\t\n\n\t\t","protected":false},"excerpt":{"rendered":"<p>Nouveaux produits<\/p>\n","protected":false},"author":2,"featured_media":0,"parent":0,"menu_order":0,"comment_status":"closed","ping_status":"closed","template":"template-fullwidth.php","meta":{"footnotes":""},"class_list":["post-133","page","type-page","status-publish","hentry"],"jetpack_sharing_enabled":true,"_links":{"self":[{"href":"https:\/\/solutiontec.fr\/index.php?rest_route=\/wp\/v2\/pages\/133","targetHints":{"allow":["GET"]}}],"collection":[{"href":"https:\/\/solutiontec.fr\/index.php?rest_route=\/wp\/v2\/pages"}],"about":[{"href":"https:\/\/solutiontec.fr\/index.php?rest_route=\/wp\/v2\/types\/page"}],"author":[{"embeddable":true,"href":"https:\/\/solutiontec.fr\/index.php?rest_route=\/wp\/v2\/users\/2"}],"replies":[{"embeddable":true,"href":"https:\/\/solutiontec.fr\/index.php?rest_route=%2Fwp%2Fv2%2Fcomments&post=133"}],"version-history":[{"count":1,"href":"https:\/\/solutiontec.fr\/index.php?rest_route=\/wp\/v2\/pages\/133\/revisions"}],"predecessor-version":[{"id":135,"href":"https:\/\/solutiontec.fr\/index.php?rest_route=\/wp\/v2\/pages\/133\/revisions\/135"}],"wp:attachment":[{"href":"https:\/\/solutiontec.fr\/index.php?rest_route=%2Fwp%2Fv2%2Fmedia&parent=133"}],"curies":[{"name":"wp","href":"https:\/\/api.w.org\/{rel}","templated":true}]}}